{"id":417,"date":"2021-06-09T18:18:23","date_gmt":"2021-06-09T18:18:23","guid":{"rendered":"http:\/\/roxanachiesino.com.ar\/tienda\/?post_type=product&#038;p=417"},"modified":"2024-08-08T17:50:54","modified_gmt":"2024-08-08T20:50:54","slug":"bioplastia-de-labios-y-surcos-con-acido-hialuronico-protocolo-natural-lips-by-chiesino-agosto-2024","status":"publish","type":"product","link":"https:\/\/roxanachiesino.com.ar\/tienda\/producto\/bioplastia-de-labios-y-surcos-con-acido-hialuronico-protocolo-natural-lips-by-chiesino-agosto-2024\/","title":{"rendered":"RESERVA CURSO: Bioplast\u00eda de labios y surcos con \u00e1cido hialur\u00f3nico &#8211;  Protocolo \u201cNATURAL LIPS by CHIESINO\u201d .   23 de Agosto 2024"},"content":{"rendered":"<h3 class=\"gray\"><strong>Modalidad:<\/strong> te\u00f3rico con pr\u00e1ctica en pacientes <br \/>\n<strong>Dirigido a profesionales de la Salud.<\/strong><\/h3>\n<p><strong>Carga horaria:<\/strong><br \/>\n1 sesi\u00f3n de 10 hs  (9 AM a 7 PM)<br \/>\n<strong>Sede COFI Academy:<\/strong><br \/>\nAv Federico Lacroze 2252 8 \u201cA\u201d. CABA , Buenos Aires, Argentina<\/p>\n","protected":false},"excerpt":{"rendered":"<p><strong>Arancel: $400.000 &#8211; NO INCLUYE \u00c1CIDO HIALUR\u00d3NICO.<\/strong><\/p>\n<blockquote><p><span style=\"color: #ff0000;\"><strong>CONSULTE POR OTRAS FORMAS DE PAGO:<br \/>\nMercado Pago, Cuotas, Tarjeta de Cr\u00e9dito y D\u00e9bito<\/strong><\/span><\/p><\/blockquote>\n<p><strong><br \/>\nLa vacante quedar\u00e1 confirmada con el pago de $100.000 a trav\u00e9s de nuestro sistema de inscripciones online. El saldo de $300.000 se abona en efectivo en el consultorio, el d\u00eda del curso.<\/strong><\/p>\n","protected":false},"featured_media":497,"comment_status":"closed","ping_status":"closed","template":"","meta":[],"product_brand":[],"product_cat":[16],"product_tag":[],"class_list":{"0":"post-417","1":"product","2":"type-product","3":"status-publish","4":"has-post-thumbnail","6":"product_cat-capacitaciones","8":"first","9":"instock","10":"virtual","11":"sold-individually","12":"purchasable","13":"product-type-simple"},"_links":{"self":[{"href":"https:\/\/roxanachiesino.com.ar\/tienda\/wp-json\/wp\/v2\/product\/417","targetHints":{"allow":["GET"]}}],"collection":[{"href":"https:\/\/roxanachiesino.com.ar\/tienda\/wp-json\/wp\/v2\/product"}],"about":[{"href":"https:\/\/roxanachiesino.com.ar\/tienda\/wp-json\/wp\/v2\/types\/product"}],"replies":[{"embeddable":true,"href":"https:\/\/roxanachiesino.com.ar\/tienda\/wp-json\/wp\/v2\/comments?post=417"}],"wp:featuredmedia":[{"embeddable":true,"href":"https:\/\/roxanachiesino.com.ar\/tienda\/wp-json\/wp\/v2\/media\/497"}],"wp:attachment":[{"href":"https:\/\/roxanachiesino.com.ar\/tienda\/wp-json\/wp\/v2\/media?parent=417"}],"wp:term":[{"taxonomy":"product_brand","embeddable":true,"href":"https:\/\/roxanachiesino.com.ar\/tienda\/wp-json\/wp\/v2\/product_brand?post=417"},{"taxonomy":"product_cat","embeddable":true,"href":"https:\/\/roxanachiesino.com.ar\/tienda\/wp-json\/wp\/v2\/product_cat?post=417"},{"taxonomy":"product_tag","embeddable":true,"href":"https:\/\/roxanachiesino.com.ar\/tienda\/wp-json\/wp\/v2\/product_tag?post=417"}],"curies":[{"name":"wp","href":"https:\/\/api.w.org\/{rel}","templated":true}]}}