{"id":449,"date":"2021-09-25T11:28:47","date_gmt":"2021-09-25T11:28:47","guid":{"rendered":"https:\/\/roxanachiesino.com.ar\/tienda\/?post_type=product&#038;p=449"},"modified":"2024-08-08T17:50:35","modified_gmt":"2024-08-08T20:50:35","slug":"toxina-botulinica-facial-septiembre-2024","status":"publish","type":"product","link":"https:\/\/roxanachiesino.com.ar\/tienda\/producto\/toxina-botulinica-facial-septiembre-2024\/","title":{"rendered":"RESERVA CURSO: Toxina botul\u00ednica facial &#8211; 6 y 7 de Septiembre 2024"},"content":{"rendered":"<h3 class=\"gray\"><strong>Modalidad:<\/strong> te\u00f3rico con Workshop. Pr\u00e1ctica del cursante en pacientes OPCIONAL. <br \/>\n<strong>Dirigido a profesionales de la Salud.<\/strong><\/h3>\n<p><strong>Carga horaria:<\/strong><br \/>\n14 hs. 1\u00b0 sesi\u00f3n de 10 hs  (9 AM a 7 PM)- 2\u00b0 sesi\u00f3n  de 4 hs (9 AM a 13 PM)<br \/>\n<strong>Sede COFI Academy:<\/strong><br \/>\nAv Federico Lacroze 2252 8 \u201cA\u201d. CABA , Buenos Aires, Argentina<\/p>\n","protected":false},"excerpt":{"rendered":"<p><strong> Arancel: $540.000 \u2013 NO INCLUYE LA TOXINA BOTUL\u00cdNICA QUE SER\u00c1 ADQUIRIDA PARA USAR EN SUS PACIENTES. Se establece un costo por zona a tratar. <\/p>\n<blockquote><p><span style=\"color: #ff0000;\"><strong>CONSULTE POR OTRAS FORMAS DE PAGO:<br \/>\nMercado Pago, Cuotas, Tarjeta de Cr\u00e9dito y D\u00e9bito<\/strong><\/span><\/p><\/blockquote>\n<p><strong><br \/>\nLa vacante quedar\u00e1 confirmada con el pago de $150.000 a trav\u00e9s de nuestro sistema de inscripciones online. El saldo de $390.000 se abona en efectivo en el consultorio, el d\u00eda del curso.<\/strong><\/p>\n","protected":false},"featured_media":498,"comment_status":"closed","ping_status":"closed","template":"","meta":[],"product_brand":[],"product_cat":[16],"product_tag":[],"class_list":{"0":"post-449","1":"product","2":"type-product","3":"status-publish","4":"has-post-thumbnail","6":"product_cat-capacitaciones","8":"first","9":"instock","10":"virtual","11":"sold-individually","12":"purchasable","13":"product-type-simple"},"_links":{"self":[{"href":"https:\/\/roxanachiesino.com.ar\/tienda\/wp-json\/wp\/v2\/product\/449","targetHints":{"allow":["GET"]}}],"collection":[{"href":"https:\/\/roxanachiesino.com.ar\/tienda\/wp-json\/wp\/v2\/product"}],"about":[{"href":"https:\/\/roxanachiesino.com.ar\/tienda\/wp-json\/wp\/v2\/types\/product"}],"replies":[{"embeddable":true,"href":"https:\/\/roxanachiesino.com.ar\/tienda\/wp-json\/wp\/v2\/comments?post=449"}],"wp:featuredmedia":[{"embeddable":true,"href":"https:\/\/roxanachiesino.com.ar\/tienda\/wp-json\/wp\/v2\/media\/498"}],"wp:attachment":[{"href":"https:\/\/roxanachiesino.com.ar\/tienda\/wp-json\/wp\/v2\/media?parent=449"}],"wp:term":[{"taxonomy":"product_brand","embeddable":true,"href":"https:\/\/roxanachiesino.com.ar\/tienda\/wp-json\/wp\/v2\/product_brand?post=449"},{"taxonomy":"product_cat","embeddable":true,"href":"https:\/\/roxanachiesino.com.ar\/tienda\/wp-json\/wp\/v2\/product_cat?post=449"},{"taxonomy":"product_tag","embeddable":true,"href":"https:\/\/roxanachiesino.com.ar\/tienda\/wp-json\/wp\/v2\/product_tag?post=449"}],"curies":[{"name":"wp","href":"https:\/\/api.w.org\/{rel}","templated":true}]}}